{"id":4594,"date":"2019-05-06T10:34:32","date_gmt":"2019-05-06T08:34:32","guid":{"rendered":"https:\/\/flatglass.be\/montage\/"},"modified":"2019-08-21T11:32:41","modified_gmt":"2019-08-21T09:32:41","slug":"montage","status":"publish","type":"page","link":"https:\/\/flatglass.be\/de\/montage\/","title":{"rendered":"Montage"},"content":{"rendered":"","protected":false},"excerpt":{"rendered":"","protected":false},"author":2,"featured_media":4212,"parent":0,"menu_order":0,"comment_status":"closed","ping_status":"closed","template":"_template\/montage.php","meta":{"_acf_changed":false,"footnotes":""},"class_list":["post-4594","page","type-page","status-publish","has-post-thumbnail","hentry"],"acf":[],"yoast_head":"<!-- This site is optimized with the Yoast SEO plugin v27.5 - https:\/\/yoast.com\/product\/yoast-seo-wordpress\/ -->\n<title>Montage - Flatglass<\/title>\n<meta name=\"description\" content=\"Eine solide Montage ist von essentieller Wichtigkeit, um dauerhaft das perfekte Tageslicht genie\u00dfen zu k\u00f6nnen. Deshalb haben wir uns bem\u00fcht, die Montage so einfach wie m\u00f6glich zu gestalten.\" \/>\n<meta name=\"robots\" content=\"index, follow, max-snippet:-1, max-image-preview:large, max-video-preview:-1\" \/>\n<link rel=\"canonical\" href=\"https:\/\/flatglass.be\/de\/montage\/\" \/>\n<meta property=\"og:locale\" content=\"de_DE\" \/>\n<meta property=\"og:type\" content=\"article\" \/>\n<meta property=\"og:title\" content=\"Montage - Flatglass\" \/>\n<meta property=\"og:description\" content=\"Eine solide Montage ist von essentieller Wichtigkeit, um dauerhaft das perfekte Tageslicht genie\u00dfen zu k\u00f6nnen. Deshalb haben wir uns bem\u00fcht, die Montage so einfach wie m\u00f6glich zu gestalten.\" \/>\n<meta property=\"og:url\" content=\"https:\/\/flatglass.be\/de\/montage\/\" \/>\n<meta property=\"og:site_name\" content=\"Flatglass\" \/>\n<meta property=\"article:modified_time\" content=\"2019-08-21T09:32:41+00:00\" \/>\n<meta property=\"og:image\" content=\"https:\/\/flatglass.be\/wp-content\/uploads\/2019\/04\/AVL0671.jpg\" \/>\n\t<meta property=\"og:image:width\" content=\"1825\" \/>\n\t<meta property=\"og:image:height\" content=\"1217\" \/>\n\t<meta property=\"og:image:type\" content=\"image\/jpeg\" \/>\n<meta name=\"twitter:card\" content=\"summary_large_image\" \/>\n<script type=\"application\/ld+json\" class=\"yoast-schema-graph\">{\"@context\":\"https:\\\/\\\/schema.org\",\"@graph\":[{\"@type\":\"WebPage\",\"@id\":\"https:\\\/\\\/flatglass.be\\\/de\\\/montage\\\/\",\"url\":\"https:\\\/\\\/flatglass.be\\\/de\\\/montage\\\/\",\"name\":\"Montage - Flatglass\",\"isPartOf\":{\"@id\":\"https:\\\/\\\/flatglass.be\\\/de\\\/#website\"},\"primaryImageOfPage\":{\"@id\":\"https:\\\/\\\/flatglass.be\\\/de\\\/montage\\\/#primaryimage\"},\"image\":{\"@id\":\"https:\\\/\\\/flatglass.be\\\/de\\\/montage\\\/#primaryimage\"},\"thumbnailUrl\":\"https:\\\/\\\/flatglass.be\\\/wp-content\\\/uploads\\\/2019\\\/04\\\/AVL0671.jpg\",\"datePublished\":\"2019-05-06T08:34:32+00:00\",\"dateModified\":\"2019-08-21T09:32:41+00:00\",\"description\":\"Eine solide Montage ist von essentieller Wichtigkeit, um dauerhaft das perfekte Tageslicht genie\u00dfen zu k\u00f6nnen. Deshalb haben wir uns bem\u00fcht, die Montage so einfach wie m\u00f6glich zu gestalten.\",\"breadcrumb\":{\"@id\":\"https:\\\/\\\/flatglass.be\\\/de\\\/montage\\\/#breadcrumb\"},\"inLanguage\":\"de\",\"potentialAction\":[{\"@type\":\"ReadAction\",\"target\":[\"https:\\\/\\\/flatglass.be\\\/de\\\/montage\\\/\"]}]},{\"@type\":\"ImageObject\",\"inLanguage\":\"de\",\"@id\":\"https:\\\/\\\/flatglass.be\\\/de\\\/montage\\\/#primaryimage\",\"url\":\"https:\\\/\\\/flatglass.be\\\/wp-content\\\/uploads\\\/2019\\\/04\\\/AVL0671.jpg\",\"contentUrl\":\"https:\\\/\\\/flatglass.be\\\/wp-content\\\/uploads\\\/2019\\\/04\\\/AVL0671.jpg\",\"width\":1825,\"height\":1217},{\"@type\":\"BreadcrumbList\",\"@id\":\"https:\\\/\\\/flatglass.be\\\/de\\\/montage\\\/#breadcrumb\",\"itemListElement\":[{\"@type\":\"ListItem\",\"position\":1,\"name\":\"Home\",\"item\":\"https:\\\/\\\/flatglass.be\\\/de\\\/\"},{\"@type\":\"ListItem\",\"position\":2,\"name\":\"Montage\"}]},{\"@type\":\"WebSite\",\"@id\":\"https:\\\/\\\/flatglass.be\\\/de\\\/#website\",\"url\":\"https:\\\/\\\/flatglass.be\\\/de\\\/\",\"name\":\"Flatglass\",\"description\":\"\",\"potentialAction\":[{\"@type\":\"SearchAction\",\"target\":{\"@type\":\"EntryPoint\",\"urlTemplate\":\"https:\\\/\\\/flatglass.be\\\/de\\\/?s={search_term_string}\"},\"query-input\":{\"@type\":\"PropertyValueSpecification\",\"valueRequired\":true,\"valueName\":\"search_term_string\"}}],\"inLanguage\":\"de\"}]}<\/script>\n<!-- \/ Yoast SEO plugin. -->","yoast_head_json":{"title":"Montage - Flatglass","description":"Eine solide Montage ist von essentieller Wichtigkeit, um dauerhaft das perfekte Tageslicht genie\u00dfen zu k\u00f6nnen. Deshalb haben wir uns bem\u00fcht, die Montage so einfach wie m\u00f6glich zu gestalten.","robots":{"index":"index","follow":"follow","max-snippet":"max-snippet:-1","max-image-preview":"max-image-preview:large","max-video-preview":"max-video-preview:-1"},"canonical":"https:\/\/flatglass.be\/de\/montage\/","og_locale":"de_DE","og_type":"article","og_title":"Montage - Flatglass","og_description":"Eine solide Montage ist von essentieller Wichtigkeit, um dauerhaft das perfekte Tageslicht genie\u00dfen zu k\u00f6nnen. Deshalb haben wir uns bem\u00fcht, die Montage so einfach wie m\u00f6glich zu gestalten.","og_url":"https:\/\/flatglass.be\/de\/montage\/","og_site_name":"Flatglass","article_modified_time":"2019-08-21T09:32:41+00:00","og_image":[{"width":1825,"height":1217,"url":"https:\/\/flatglass.be\/wp-content\/uploads\/2019\/04\/AVL0671.jpg","type":"image\/jpeg"}],"twitter_card":"summary_large_image","schema":{"@context":"https:\/\/schema.org","@graph":[{"@type":"WebPage","@id":"https:\/\/flatglass.be\/de\/montage\/","url":"https:\/\/flatglass.be\/de\/montage\/","name":"Montage - Flatglass","isPartOf":{"@id":"https:\/\/flatglass.be\/de\/#website"},"primaryImageOfPage":{"@id":"https:\/\/flatglass.be\/de\/montage\/#primaryimage"},"image":{"@id":"https:\/\/flatglass.be\/de\/montage\/#primaryimage"},"thumbnailUrl":"https:\/\/flatglass.be\/wp-content\/uploads\/2019\/04\/AVL0671.jpg","datePublished":"2019-05-06T08:34:32+00:00","dateModified":"2019-08-21T09:32:41+00:00","description":"Eine solide Montage ist von essentieller Wichtigkeit, um dauerhaft das perfekte Tageslicht genie\u00dfen zu k\u00f6nnen. Deshalb haben wir uns bem\u00fcht, die Montage so einfach wie m\u00f6glich zu gestalten.","breadcrumb":{"@id":"https:\/\/flatglass.be\/de\/montage\/#breadcrumb"},"inLanguage":"de","potentialAction":[{"@type":"ReadAction","target":["https:\/\/flatglass.be\/de\/montage\/"]}]},{"@type":"ImageObject","inLanguage":"de","@id":"https:\/\/flatglass.be\/de\/montage\/#primaryimage","url":"https:\/\/flatglass.be\/wp-content\/uploads\/2019\/04\/AVL0671.jpg","contentUrl":"https:\/\/flatglass.be\/wp-content\/uploads\/2019\/04\/AVL0671.jpg","width":1825,"height":1217},{"@type":"BreadcrumbList","@id":"https:\/\/flatglass.be\/de\/montage\/#breadcrumb","itemListElement":[{"@type":"ListItem","position":1,"name":"Home","item":"https:\/\/flatglass.be\/de\/"},{"@type":"ListItem","position":2,"name":"Montage"}]},{"@type":"WebSite","@id":"https:\/\/flatglass.be\/de\/#website","url":"https:\/\/flatglass.be\/de\/","name":"Flatglass","description":"","potentialAction":[{"@type":"SearchAction","target":{"@type":"EntryPoint","urlTemplate":"https:\/\/flatglass.be\/de\/?s={search_term_string}"},"query-input":{"@type":"PropertyValueSpecification","valueRequired":true,"valueName":"search_term_string"}}],"inLanguage":"de"}]}},"_links":{"self":[{"href":"https:\/\/flatglass.be\/de\/wp-json\/wp\/v2\/pages\/4594","targetHints":{"allow":["GET"]}}],"collection":[{"href":"https:\/\/flatglass.be\/de\/wp-json\/wp\/v2\/pages"}],"about":[{"href":"https:\/\/flatglass.be\/de\/wp-json\/wp\/v2\/types\/page"}],"author":[{"embeddable":true,"href":"https:\/\/flatglass.be\/de\/wp-json\/wp\/v2\/users\/2"}],"replies":[{"embeddable":true,"href":"https:\/\/flatglass.be\/de\/wp-json\/wp\/v2\/comments?post=4594"}],"version-history":[{"count":1,"href":"https:\/\/flatglass.be\/de\/wp-json\/wp\/v2\/pages\/4594\/revisions"}],"predecessor-version":[{"id":4635,"href":"https:\/\/flatglass.be\/de\/wp-json\/wp\/v2\/pages\/4594\/revisions\/4635"}],"wp:featuredmedia":[{"embeddable":true,"href":"https:\/\/flatglass.be\/de\/wp-json\/wp\/v2\/media\/4212"}],"wp:attachment":[{"href":"https:\/\/flatglass.be\/de\/wp-json\/wp\/v2\/media?parent=4594"}],"curies":[{"name":"wp","href":"https:\/\/api.w.org\/{rel}","templated":true}]}}